{"id":111,"date":"2020-07-03T06:13:37","date_gmt":"2020-07-03T06:13:37","guid":{"rendered":"http:\/\/onuratalay.de\/?page_id=111"},"modified":"2020-10-16T10:54:53","modified_gmt":"2020-10-16T10:54:53","slug":"impressum","status":"publish","type":"page","link":"https:\/\/onuratalay.de\/tr\/impressum\/","title":{"rendered":"K\u00fcnye"},"content":{"rendered":"<div data-elementor-type=\"wp-page\" data-elementor-id=\"111\" class=\"elementor elementor-111\" data-elementor-settings=\"[]\">\n\t\t\t\t\t\t<div class=\"elementor-inner\">\n\t\t\t\t\t\t\t<div class=\"elementor-section-wrap\">\n\t\t\t\t\t\t\t<section class=\"elementor-section elementor-top-section elementor-element elementor-element-7f58f8ec elementor-section-full_width elementor-section-height-min-height elementor-section-items-stretch elementor-section-height-default\" data-id=\"7f58f8ec\" data-element_type=\"section\" data-settings=\"{&quot;background_background&quot;:&quot;classic&quot;,&quot;sticky&quot;:&quot;top&quot;,&quot;background_motion_fx_opacity_effect&quot;:&quot;yes&quot;,&quot;background_motion_fx_opacity_range&quot;:{&quot;unit&quot;:&quot;%&quot;,&quot;size&quot;:&quot;&quot;,&quot;sizes&quot;:{&quot;start&quot;:&quot;0&quot;,&quot;end&quot;:&quot;3&quot;}},&quot;background_motion_fx_range&quot;:&quot;page&quot;,&quot;background_motion_fx_devices&quot;:[&quot;desktop&quot;,&quot;tablet&quot;],&quot;background_motion_fx_motion_fx_scrolling&quot;:&quot;yes&quot;,&quot;background_motion_fx_opacity_direction&quot;:&quot;out-in&quot;,&quot;background_motion_fx_opacity_level&quot;:{&quot;unit&quot;:&quot;px&quot;,&quot;size&quot;:10,&quot;sizes&quot;:[]},&quot;sticky_on&quot;:[&quot;desktop&quot;,&quot;tablet&quot;,&quot;mobile&quot;],&quot;sticky_offset&quot;:0,&quot;sticky_effects_offset&quot;:0}\">\n\t\t\t\t\t\t<div class=\"elementor-container elementor-column-gap-default\">\n\t\t\t\t\t\t\t<div class=\"elementor-row\">\n\t\t\t\t\t<div class=\"elementor-column elementor-col-50 elementor-top-column elementor-element elementor-element-1ee3265e\" data-id=\"1ee3265e\" data-element_type=\"column\">\n\t\t\t<div class=\"elementor-column-wrap\">\n\t\t\t\t\t\t\t<div class=\"elementor-widget-wrap\">\n\t\t\t\t\t\t\t\t<\/div>\n\t\t\t\t\t<\/div>\n\t\t<\/div>\n\t\t\t\t<div class=\"elementor-column elementor-col-50 elementor-top-column elementor-element elementor-element-7126af9a\" data-id=\"7126af9a\" data-element_type=\"column\">\n\t\t\t<div class=\"elementor-column-wrap elementor-element-populated\">\n\t\t\t\t\t\t\t<div class=\"elementor-widget-wrap\">\n\t\t\t\t\t\t<div class=\"elementor-element elementor-element-20e1b362 elementor-nav-menu__align-center elementor-nav-menu__text-align-center elementor-nav-menu--indicator-classic elementor-nav-menu--dropdown-tablet elementor-nav-menu--toggle elementor-nav-menu--burger elementor-widget elementor-widget-nav-menu\" data-id=\"20e1b362\" data-element_type=\"widget\" data-settings=\"{&quot;layout&quot;:&quot;horizontal&quot;,&quot;toggle&quot;:&quot;burger&quot;}\" data-widget_type=\"nav-menu.default\">\n\t\t\t\t<div class=\"elementor-widget-container\">\n\t\t\t\t\t\t<nav role=\"navigation\" class=\"elementor-nav-menu--main elementor-nav-menu__container elementor-nav-menu--layout-horizontal e--pointer-underline e--animation-fade\"><ul id=\"menu-1-20e1b362\" class=\"elementor-nav-menu\"><li class=\"menu-item menu-item-type-custom menu-item-object-custom menu-item-396\"><a href=\"https:\/\/onuratalay.de\/tr\/\" class=\"elementor-item\">Home<\/a><\/li>\n<li class=\"menu-item menu-item-type-custom menu-item-object-custom menu-item-397\"><a href=\"#Rechtsgebiete\" class=\"elementor-item elementor-item-anchor\">Rechtsgebiete<\/a><\/li>\n<li class=\"menu-item menu-item-type-custom menu-item-object-custom menu-item-has-children menu-item-398\"><a href=\"#Kontakt\" class=\"elementor-item elementor-item-anchor\">\u0130leti\u015fim<\/a>\n<ul class=\"sub-menu elementor-nav-menu--dropdown\">\n\t<li class=\"menu-item menu-item-type-post_type menu-item-object-page menu-item-399\"><a href=\"https:\/\/onuratalay.de\/tr\/datenschutz\/\" class=\"elementor-sub-item\">Gizlilik<\/a><\/li>\n\t<li class=\"menu-item menu-item-type-post_type menu-item-object-page menu-item-400\"><a href=\"https:\/\/onuratalay.de\/tr\/impressum\/\" class=\"elementor-sub-item\">K\u00fcnye<\/a><\/li>\n<\/ul>\n<\/li>\n<li class=\"trp-language-switcher-container menu-item menu-item-type-post_type menu-item-object-language_switcher menu-item-410\"><a href=\"https:\/\/onuratalay.de\/tr\/wp-json\/wp\/v2\/pages\/111\" class=\"elementor-item\"><span data-no-translation><img decoding=\"async\" loading=\"lazy\" class=\"trp-flag-image\" src=\"https:\/\/onuratalay.de\/wp-content\/plugins\/translatepress-multilingual\/assets\/images\/flags\/tr_TR.png\" width=\"18\" height=\"12\" alt=\"tr_TR\" title=\"T\u00fcrk\u00e7e\"><span class=\"trp-ls-language-name\">T\u00fcrk\u00e7e<\/span><\/span><\/a><\/li>\n<li class=\"trp-language-switcher-container menu-item menu-item-type-post_type menu-item-object-language_switcher menu-item-411\"><a href=\"https:\/\/onuratalay.de\/wp-json\/wp\/v2\/pages\/111\/\" class=\"elementor-item elementor-item-anchor\"><span data-no-translation><img decoding=\"async\" loading=\"lazy\" class=\"trp-flag-image\" src=\"https:\/\/onuratalay.de\/wp-content\/plugins\/translatepress-multilingual\/assets\/images\/flags\/de_DE.png\" width=\"18\" height=\"12\" alt=\"de_DE\" title=\"Deutsch\"><span class=\"trp-ls-language-name\">Deutsch<\/span><\/span><\/a><\/li>\n<\/ul><\/nav>\n\t\t\t\t\t<div class=\"elementor-menu-toggle\" role=\"button\" tabindex=\"0\" aria-label=\"Menu Toggle\" aria-expanded=\"false\">\n\t\t\t<i class=\"eicon-menu-bar\" aria-hidden=\"true\"><\/i>\n\t\t\t<span class=\"elementor-screen-only\">Menu<\/span>\n\t\t<\/div>\n\t\t\t<nav class=\"elementor-nav-menu--dropdown elementor-nav-menu__container\" role=\"navigation\" aria-hidden=\"true\"><ul id=\"menu-2-20e1b362\" class=\"elementor-nav-menu\"><li class=\"menu-item menu-item-type-custom menu-item-object-custom menu-item-396\"><a href=\"https:\/\/onuratalay.de\/tr\/\" class=\"elementor-item\">Home<\/a><\/li>\n<li class=\"menu-item menu-item-type-custom menu-item-object-custom menu-item-397\"><a href=\"#Rechtsgebiete\" class=\"elementor-item elementor-item-anchor\">Rechtsgebiete<\/a><\/li>\n<li class=\"menu-item menu-item-type-custom menu-item-object-custom menu-item-has-children menu-item-398\"><a href=\"#Kontakt\" class=\"elementor-item elementor-item-anchor\">\u0130leti\u015fim<\/a>\n<ul class=\"sub-menu elementor-nav-menu--dropdown\">\n\t<li class=\"menu-item menu-item-type-post_type menu-item-object-page menu-item-399\"><a href=\"https:\/\/onuratalay.de\/tr\/datenschutz\/\" class=\"elementor-sub-item\">Gizlilik<\/a><\/li>\n\t<li class=\"menu-item menu-item-type-post_type menu-item-object-page menu-item-400\"><a href=\"https:\/\/onuratalay.de\/tr\/impressum\/\" class=\"elementor-sub-item\">K\u00fcnye<\/a><\/li>\n<\/ul>\n<\/li>\n<li class=\"trp-language-switcher-container menu-item menu-item-type-post_type menu-item-object-language_switcher menu-item-410\"><a href=\"https:\/\/onuratalay.de\/tr\/wp-json\/wp\/v2\/pages\/111\" class=\"elementor-item\"><span data-no-translation><img decoding=\"async\" loading=\"lazy\" class=\"trp-flag-image\" src=\"https:\/\/onuratalay.de\/wp-content\/plugins\/translatepress-multilingual\/assets\/images\/flags\/tr_TR.png\" width=\"18\" height=\"12\" alt=\"tr_TR\" title=\"T\u00fcrk\u00e7e\"><span class=\"trp-ls-language-name\">T\u00fcrk\u00e7e<\/span><\/span><\/a><\/li>\n<li class=\"trp-language-switcher-container menu-item menu-item-type-post_type menu-item-object-language_switcher menu-item-411\"><a href=\"https:\/\/onuratalay.de\/wp-json\/wp\/v2\/pages\/111\/\" class=\"elementor-item elementor-item-anchor\"><span data-no-translation><img decoding=\"async\" loading=\"lazy\" class=\"trp-flag-image\" src=\"https:\/\/onuratalay.de\/wp-content\/plugins\/translatepress-multilingual\/assets\/images\/flags\/de_DE.png\" width=\"18\" height=\"12\" alt=\"de_DE\" title=\"Deutsch\"><span class=\"trp-ls-language-name\">Deutsch<\/span><\/span><\/a><\/li>\n<\/ul><\/nav>\n\t\t\t\t<\/div>\n\t\t\t\t<\/div>\n\t\t\t\t\t\t<\/div>\n\t\t\t\t\t<\/div>\n\t\t<\/div>\n\t\t\t\t\t\t\t\t<\/div>\n\t\t\t\t\t<\/div>\n\t\t<\/section>\n\t\t\t\t<section class=\"elementor-section elementor-top-section elementor-element elementor-element-2d43d4ba elementor-section-boxed elementor-section-height-default elementor-section-height-default\" data-id=\"2d43d4ba\" data-element_type=\"section\" data-settings=\"{&quot;background_background&quot;:&quot;classic&quot;}\">\n\t\t\t\t\t\t<div class=\"elementor-container elementor-column-gap-no\">\n\t\t\t\t\t\t\t<div class=\"elementor-row\">\n\t\t\t\t\t<div class=\"elementor-column elementor-col-100 elementor-top-column elementor-element elementor-element-2103918d\" data-id=\"2103918d\" data-element_type=\"column\">\n\t\t\t<div class=\"elementor-column-wrap elementor-element-populated\">\n\t\t\t\t\t\t\t<div class=\"elementor-widget-wrap\">\n\t\t\t\t\t\t<section class=\"elementor-section elementor-inner-section elementor-element elementor-element-27e3e169 elementor-section-boxed elementor-section-height-default elementor-section-height-default\" data-id=\"27e3e169\" data-element_type=\"section\">\n\t\t\t\t\t\t<div class=\"elementor-container elementor-column-gap-no\">\n\t\t\t\t\t\t\t<div class=\"elementor-row\">\n\t\t\t\t\t<div class=\"elementor-column elementor-col-100 elementor-inner-column elementor-element elementor-element-788cfcca\" data-id=\"788cfcca\" data-element_type=\"column\">\n\t\t\t<div class=\"elementor-column-wrap elementor-element-populated\">\n\t\t\t\t\t\t\t<div class=\"elementor-widget-wrap\">\n\t\t\t\t\t\t<div class=\"elementor-element elementor-element-2883a91f elementor-widget elementor-widget-spacer\" data-id=\"2883a91f\" data-element_type=\"widget\" data-widget_type=\"spacer.default\">\n\t\t\t\t<div class=\"elementor-widget-container\">\n\t\t\t\t\t<div class=\"elementor-spacer\">\n\t\t\t<div class=\"elementor-spacer-inner\"><\/div>\n\t\t<\/div>\n\t\t\t\t<\/div>\n\t\t\t\t<\/div>\n\t\t\t\t<div class=\"elementor-element elementor-element-6aebf48e elementor-widget elementor-widget-heading\" data-id=\"6aebf48e\" data-element_type=\"widget\" data-widget_type=\"heading.default\">\n\t\t\t\t<div class=\"elementor-widget-container\">\n\t\t\t<h2 class=\"elementor-heading-title elementor-size-default\">K\u00fcnye<\/h2>\t\t<\/div>\n\t\t\t\t<\/div>\n\t\t\t\t<div class=\"elementor-element elementor-element-480282ef elementor-view-default elementor-widget elementor-widget-icon\" data-id=\"480282ef\" data-element_type=\"widget\" data-widget_type=\"icon.default\">\n\t\t\t\t<div class=\"elementor-widget-container\">\n\t\t\t\t\t<div class=\"elementor-icon-wrapper\">\n\t\t\t<div class=\"elementor-icon\">\n\t\t\t<i aria-hidden=\"true\" class=\"fas fa-arrow-down\"><\/i>\t\t\t<\/div>\n\t\t<\/div>\n\t\t\t\t<\/div>\n\t\t\t\t<\/div>\n\t\t\t\t\t\t<\/div>\n\t\t\t\t\t<\/div>\n\t\t<\/div>\n\t\t\t\t\t\t\t\t<\/div>\n\t\t\t\t\t<\/div>\n\t\t<\/section>\n\t\t\t\t\t\t<\/div>\n\t\t\t\t\t<\/div>\n\t\t<\/div>\n\t\t\t\t\t\t\t\t<\/div>\n\t\t\t\t\t<\/div>\n\t\t<\/section>\n\t\t\t\t<section class=\"elementor-section elementor-top-section elementor-element elementor-element-1b7c4f62 elementor-section-boxed elementor-section-height-default elementor-section-height-default\" data-id=\"1b7c4f62\" data-element_type=\"section\" data-settings=\"{&quot;background_background&quot;:&quot;classic&quot;}\">\n\t\t\t\t\t\t<div class=\"elementor-container elementor-column-gap-no\">\n\t\t\t\t\t\t\t<div class=\"elementor-row\">\n\t\t\t\t\t<div class=\"elementor-column elementor-col-100 elementor-top-column elementor-element elementor-element-fe36ce0\" data-id=\"fe36ce0\" data-element_type=\"column\">\n\t\t\t<div class=\"elementor-column-wrap elementor-element-populated\">\n\t\t\t\t\t\t\t<div class=\"elementor-widget-wrap\">\n\t\t\t\t\t\t<section class=\"elementor-section elementor-inner-section elementor-element elementor-element-56575cdb elementor-section-boxed elementor-section-height-default elementor-section-height-default\" data-id=\"56575cdb\" data-element_type=\"section\">\n\t\t\t\t\t\t<div class=\"elementor-container elementor-column-gap-no\">\n\t\t\t\t\t\t\t<div class=\"elementor-row\">\n\t\t\t\t\t<div class=\"elementor-column elementor-col-100 elementor-inner-column elementor-element elementor-element-1dc7dc22\" data-id=\"1dc7dc22\" data-element_type=\"column\">\n\t\t\t<div class=\"elementor-column-wrap elementor-element-populated\">\n\t\t\t\t\t\t\t<div class=\"elementor-widget-wrap\">\n\t\t\t\t\t\t<div class=\"elementor-element elementor-element-4c668dd9 elementor-widget elementor-widget-text-editor\" data-id=\"4c668dd9\" data-element_type=\"widget\" data-widget_type=\"text-editor.default\">\n\t\t\t\t<div class=\"elementor-widget-container\">\n\t\t\t\t\t<div class=\"elementor-text-editor elementor-clearfix\"><h1><span style=\"color: inherit; font-family: inherit; font-size: 2rem; letter-spacing: 0px;\">\u00a7 5 TMG'ye g\u00f6re<\/span><\/h1><p>Onur Atalay<br \/>T\u00fcrk Hukuku Avukat\u0131<br \/>Reuterstra\u00dfe 60<br \/>12047 Berlin<\/p><h2>\u0130leti\u015fim<\/h2><p>Telefon: +49 (0) 30 530 81 266<br \/>Faks: +49 (0) 30 530 81 267<br \/>E-posta: info@onuratalay.de<\/p><h2>Denetim otoritesi<\/h2><p>Mitglied der Rechtsanwaltskammer Berlin<br \/><a href=\"https:\/\/www.rak-berlin.de\">https:\/\/www.rak-berlin.de<\/a><\/p><p>Mitglied der Rechtsanwaltskammer Ismir<br \/><a href=\"https:\/\/www.barobirlik.org.tr\">https:\/\/www.barobirlik.org.tr<\/a><\/p><h2>Mesleki unvan ve mesleki d\u00fczenlemeler<\/h2><p>Meslek unvan\u0131: Avukatlar<br \/>Yetkili oda:<br \/>Taraf\u0131ndan \u00f6d\u00fcllendirildi:<br \/>A\u015fa\u011f\u0131daki mesleki d\u00fczenlemeler ge\u00e7erlidir:<br \/>D\u00fczenlemeler \u015furada mevcut: <a href=\"http:\/\/\" target=\"_blank\" rel=\"noopener noreferrer\">http:\/\/<\/a><\/p><h2>\u00a7 55 Abs.2 RStV'ye g\u00f6re i\u00e7erikten sorumlu<\/h2><p>Onur Atalay<br \/>Reuterstr. 60<br \/>12047 Berlin<\/p><h2>AB uyu\u015fmazl\u0131k \u00e7\u00f6z\u00fcm\u00fc<\/h2><p>Avrupa Komisyonu \u00e7evrimi\u00e7i anla\u015fmazl\u0131k \u00e7\u00f6z\u00fcm\u00fc (OS) i\u00e7in bir platform sunmaktad\u0131r: <a href=\"https:\/\/ec.europa.eu\/consumers\/odr\" target=\"_blank\" rel=\"noopener noreferrer\">https:\/\/ec.europa.eu\/consumers\/odr<\/a>.<br \/>Unsere E-Mail-Adresse finden Sie oben im Impressum.<\/p><h2>T\u00fcketici anla\u015fmazl\u0131klar\u0131 \u00e7\u00f6z\u00fcm\u00fc \/ evrensel tahkim kurulu<\/h2><p>T\u00fcketici hakem heyeti huzurunda uyu\u015fmazl\u0131k \u00e7\u00f6z\u00fcm\u00fc i\u015flemlerine kat\u0131lmaya istekli veya mecbur de\u011filiz.<\/p><h3>\u0130\u00e7erik sorumlulu\u011fu<\/h3><p>Bir hizmet sa\u011flay\u0131c\u0131 olarak, bu sayfalardaki kendi i\u00e7eri\u011fimizden B\u00f6l\u00fcm 7 (1) TMG uyar\u0131nca genel yasalara uygun olarak sorumluyuz. \u00a7\u00a7 8 ila 10 TMG'ye g\u00f6re, bir hizmet sa\u011flay\u0131c\u0131 olarak, iletilen veya depolanan \u00fc\u00e7\u00fcnc\u00fc taraf bilgilerini izlemek veya yasa d\u0131\u015f\u0131 etkinli\u011fi g\u00f6steren ko\u015fullar\u0131 aramak zorunda de\u011filiz.<\/p><p>Genel yasalara g\u00f6re bilgilerin kald\u0131r\u0131lmas\u0131 veya engellenmesi y\u00fck\u00fcml\u00fcl\u00fckleri bundan etkilenmez. Ancak, bu konudaki sorumluluk ancak belirli bir yasal ihlalin fark\u0131na vard\u0131\u011f\u0131m\u0131z andan itibaren m\u00fcmk\u00fcnd\u00fcr. Bu t\u00fcr ihlallerin fark\u0131na var\u0131r varmaz bu i\u00e7eri\u011fi derhal kald\u0131raca\u011f\u0131z.<\/p><h3>Linkler i\u00e7in sorumluluk<\/h3><p>Teklifimiz, i\u00e7eri\u011fi \u00fczerinde hi\u00e7bir etkiye sahip olmad\u0131\u011f\u0131m\u0131z harici \u00fc\u00e7\u00fcnc\u00fc taraf web sitelerine ba\u011flant\u0131lar i\u00e7ermektedir. Bu nedenle, bu harici i\u00e7erik i\u00e7in herhangi bir sorumluluk kabul edemeyiz. Ba\u011flant\u0131l\u0131 sayfalar\u0131n i\u00e7eri\u011finden daima ilgili sa\u011flay\u0131c\u0131 veya operat\u00f6r sorumludur. Ba\u011flant\u0131 verilen sayfalar, ba\u011flant\u0131 s\u0131ras\u0131nda olas\u0131 yasal ihlallere kar\u015f\u0131 kontrol edildi. Ba\u011flant\u0131n\u0131n olu\u015fturuldu\u011fu s\u0131rada yasa d\u0131\u015f\u0131 i\u00e7erik fark edilmedi.<\/p><p>Ba\u011flant\u0131 verilen sayfalar\u0131n i\u00e7eri\u011finin s\u00fcrekli kontrol\u00fc, bir ihlale ili\u015fkin somut kan\u0131t olmadan makul de\u011fildir. Yasal ihlallerin fark\u0131na var\u0131r varmaz, bu t\u00fcr ba\u011flant\u0131lar\u0131 derhal kald\u0131raca\u011f\u0131z.<\/p><h3>Telif hakk\u0131<\/h3><p>Site operat\u00f6r\u00fc taraf\u0131ndan olu\u015fturulan bu sayfalardaki i\u00e7erik ve eserler Alman telif hakk\u0131 yasas\u0131na tabidir. \u00c7o\u011faltma, d\u00fczenleme, da\u011f\u0131t\u0131m ve telif hakk\u0131 yasas\u0131n\u0131n s\u0131n\u0131rlar\u0131 d\u0131\u015f\u0131ndaki her t\u00fcrl\u00fc kullan\u0131m, ilgili yazar\u0131n veya i\u00e7erik olu\u015fturucunun yaz\u0131l\u0131 onay\u0131n\u0131 gerektirir. Bu sayfan\u0131n indirilmesine ve kopyalanmas\u0131na yaln\u0131zca ticari olmayan, \u00f6zel kullan\u0131m i\u00e7in izin verilir.<\/p><p>Bu sayfadaki i\u00e7erik operat\u00f6r taraf\u0131ndan olu\u015fturulmad\u0131\u011f\u0131 s\u00fcrece, \u00fc\u00e7\u00fcnc\u00fc taraflar\u0131n telif haklar\u0131na sayg\u0131 g\u00f6sterilir. \u00d6zellikle \u00fc\u00e7\u00fcnc\u00fc taraflar\u0131n i\u00e7erikleri bu \u015fekilde i\u015faretlenmi\u015ftir. Yine de bir telif hakk\u0131 ihlalinin fark\u0131na var\u0131rsan\u0131z, l\u00fctfen bize bildirin. Yasal ihlallerin fark\u0131na var\u0131r varmaz, bu t\u00fcr i\u00e7eri\u011fi derhal kald\u0131raca\u011f\u0131z.<\/p><h2>Bildlizenzen<\/h2><p>Wir verwenden auf dieser Website kommerzielle Bildlizenzen. <a href=\"https:\/\/onuratalay.de\/tr\/bildlizenzen\/\">Diese k\u00f6nnen Sie hier einsehen.<\/a><\/p><\/div>\n\t\t\t\t<\/div>\n\t\t\t\t<\/div>\n\t\t\t\t\t\t<\/div>\n\t\t\t\t\t<\/div>\n\t\t<\/div>\n\t\t\t\t\t\t\t\t<\/div>\n\t\t\t\t\t<\/div>\n\t\t<\/section>\n\t\t\t\t<div class=\"elementor-element elementor-element-50abca1 elementor-widget-mobile__width-inherit elementor-widget-divider--view-line elementor-widget elementor-widget-divider\" data-id=\"50abca1\" data-element_type=\"widget\" data-widget_type=\"divider.default\">\n\t\t\t\t<div class=\"elementor-widget-container\">\n\t\t\t\t\t<div class=\"elementor-divider\">\n\t\t\t<span class=\"elementor-divider-separator\">\n\t\t\t\t\t\t<\/span>\n\t\t<\/div>\n\t\t\t\t<\/div>\n\t\t\t\t<\/div>\n\t\t\t\t\t\t<\/div>\n\t\t\t\t\t<\/div>\n\t\t<\/div>\n\t\t\t\t\t\t\t\t<\/div>\n\t\t\t\t\t<\/div>\n\t\t<\/section>\n\t\t\t\t<section class=\"elementor-section elementor-top-section elementor-element elementor-element-6d145214 elementor-section-full_width elementor-section-height-default elementor-section-height-default\" data-id=\"6d145214\" data-element_type=\"section\" data-settings=\"{&quot;background_background&quot;:&quot;classic&quot;}\">\n\t\t\t\t\t\t<div class=\"elementor-container elementor-column-gap-no\">\n\t\t\t\t\t\t\t<div class=\"elementor-row\">\n\t\t\t\t\t<div class=\"elementor-column elementor-col-100 elementor-top-column elementor-element elementor-element-6e241148\" data-id=\"6e241148\" data-element_type=\"column\">\n\t\t\t<div class=\"elementor-column-wrap elementor-element-populated\">\n\t\t\t\t\t\t\t<div class=\"elementor-widget-wrap\">\n\t\t\t\t\t\t<section class=\"elementor-section elementor-inner-section elementor-element elementor-element-23a88833 elementor-section-boxed elementor-section-height-default elementor-section-height-default\" data-id=\"23a88833\" data-element_type=\"section\">\n\t\t\t\t\t\t<div class=\"elementor-container elementor-column-gap-default\">\n\t\t\t\t\t\t\t<div class=\"elementor-row\">\n\t\t\t\t\t<div class=\"elementor-column elementor-col-33 elementor-inner-column elementor-element elementor-element-75a36e4b\" data-id=\"75a36e4b\" data-element_type=\"column\">\n\t\t\t<div class=\"elementor-column-wrap elementor-element-populated\">\n\t\t\t\t\t\t\t<div class=\"elementor-widget-wrap\">\n\t\t\t\t\t\t<div class=\"elementor-element elementor-element-549824e1 elementor-view-default elementor-vertical-align-top elementor-widget elementor-widget-icon-box\" data-id=\"549824e1\" data-element_type=\"widget\" data-widget_type=\"icon-box.default\">\n\t\t\t\t<div class=\"elementor-widget-container\">\n\t\t\t\t\t<div class=\"elementor-icon-box-wrapper\">\n\t\t\t\t\t\t<div class=\"elementor-icon-box-content\">\n\t\t\t\t<div class=\"elementor-icon-box-title\">\n\t\t\t\t\t<span >AVUKAT Onur Atalay<\/span>\n\t\t\t\t<\/div>\n\t\t\t\t\t\t\t\t<p class=\"elementor-icon-box-description\">Reuterstr. 60 | 12047 Berlin<\/p>\n\t\t\t\t\t\t\t<\/div>\n\t\t<\/div>\n\t\t\t\t<\/div>\n\t\t\t\t<\/div>\n\t\t\t\t\t\t<\/div>\n\t\t\t\t\t<\/div>\n\t\t<\/div>\n\t\t\t\t<div class=\"elementor-column elementor-col-33 elementor-inner-column elementor-element elementor-element-1905560\" data-id=\"1905560\" data-element_type=\"column\">\n\t\t\t<div class=\"elementor-column-wrap elementor-element-populated\">\n\t\t\t\t\t\t\t<div class=\"elementor-widget-wrap\">\n\t\t\t\t\t\t<div class=\"elementor-element elementor-element-63f27d1b elementor-widget elementor-widget-heading\" data-id=\"63f27d1b\" data-element_type=\"widget\" data-widget_type=\"heading.default\">\n\t\t\t\t<div class=\"elementor-widget-container\">\n\t\t\t<h2 class=\"elementor-heading-title elementor-size-default\">Ihr Anwalt f\u00fcr das t\u00fcrkischen Recht<\/h2>\t\t<\/div>\n\t\t\t\t<\/div>\n\t\t\t\t\t\t<\/div>\n\t\t\t\t\t<\/div>\n\t\t<\/div>\n\t\t\t\t<div class=\"elementor-column elementor-col-33 elementor-inner-column elementor-element elementor-element-474f3c11\" data-id=\"474f3c11\" data-element_type=\"column\">\n\t\t\t<div class=\"elementor-column-wrap elementor-element-populated\">\n\t\t\t\t\t\t\t<div class=\"elementor-widget-wrap\">\n\t\t\t\t\t\t<div class=\"elementor-element elementor-element-27b46c6a elementor-view-default elementor-vertical-align-top elementor-widget elementor-widget-icon-box\" data-id=\"27b46c6a\" data-element_type=\"widget\" data-widget_type=\"icon-box.default\">\n\t\t\t\t<div class=\"elementor-widget-container\">\n\t\t\t\t\t<div class=\"elementor-icon-box-wrapper\">\n\t\t\t\t\t\t<div class=\"elementor-icon-box-content\">\n\t\t\t\t<div class=\"elementor-icon-box-title\">\n\t\t\t\t\t<span >K\u00fcnye<\/span>\n\t\t\t\t<\/div>\n\t\t\t\t\t\t\t<\/div>\n\t\t<\/div>\n\t\t\t\t<\/div>\n\t\t\t\t<\/div>\n\t\t\t\t<div class=\"elementor-element elementor-element-74b6edd4 elementor-view-default elementor-vertical-align-top elementor-widget elementor-widget-icon-box\" data-id=\"74b6edd4\" data-element_type=\"widget\" data-widget_type=\"icon-box.default\">\n\t\t\t\t<div class=\"elementor-widget-container\">\n\t\t\t\t\t<div class=\"elementor-icon-box-wrapper\">\n\t\t\t\t\t\t<div class=\"elementor-icon-box-content\">\n\t\t\t\t<div class=\"elementor-icon-box-title\">\n\t\t\t\t\t<span >Gizlilik<\/span>\n\t\t\t\t<\/div>\n\t\t\t\t\t\t\t<\/div>\n\t\t<\/div>\n\t\t\t\t<\/div>\n\t\t\t\t<\/div>\n\t\t\t\t\t\t<\/div>\n\t\t\t\t\t<\/div>\n\t\t<\/div>\n\t\t\t\t\t\t\t\t<\/div>\n\t\t\t\t\t<\/div>\n\t\t<\/section>\n\t\t\t\t\t\t<\/div>\n\t\t\t\t\t<\/div>\n\t\t<\/div>\n\t\t\t\t\t\t\t\t<\/div>\n\t\t\t\t\t<\/div>\n\t\t<\/section>\n\t\t\t\t\t\t<\/div>\n\t\t\t\t\t\t<\/div>\n\t\t\t\t\t<\/div>","protected":false},"excerpt":{"rendered":"<p>Impressum Angaben gem\u00e4\u00df \u00a7 5 TMG Onur AtalayRechtsanwalt f\u00fcr das t\u00fcrkische RechtReuterstra\u00dfe 6012047 Berlin Kontakt Telefon: +49 (0) 30 530 81 266Telefax: +49 (0) 30 530 81 267E-Mail: info@onuratalay.de Aufsichtsbeh\u00f6rde Mitglied der Rechtsanwaltskammer Berlinhttps:\/\/www.rak-berlin.de Mitglied der Rechtsanwaltskammer Ismirhttps:\/\/www.barobirlik.org.tr Berufsbezeichnung und berufsrechtliche Regelungen Berufsbezeichnung: Rechtsanw\u00e4lteZust\u00e4ndige Kammer:Verliehen durch:Es gelten folgende berufsrechtliche Regelungen:Regelungen einsehbar unter: http:\/\/ Verantwortlich f\u00fcr [&hellip;]<\/p>","protected":false},"author":1,"featured_media":0,"parent":0,"menu_order":0,"comment_status":"closed","ping_status":"closed","template":"elementor_canvas","meta":[],"_links":{"self":[{"href":"https:\/\/onuratalay.de\/tr\/wp-json\/wp\/v2\/pages\/111"}],"collection":[{"href":"https:\/\/onuratalay.de\/tr\/wp-json\/wp\/v2\/pages"}],"about":[{"href":"https:\/\/onuratalay.de\/tr\/wp-json\/wp\/v2\/types\/page"}],"author":[{"embeddable":true,"href":"https:\/\/onuratalay.de\/tr\/wp-json\/wp\/v2\/users\/1"}],"replies":[{"embeddable":true,"href":"https:\/\/onuratalay.de\/tr\/wp-json\/wp\/v2\/comments?post=111"}],"version-history":[{"count":10,"href":"https:\/\/onuratalay.de\/tr\/wp-json\/wp\/v2\/pages\/111\/revisions"}],"predecessor-version":[{"id":447,"href":"https:\/\/onuratalay.de\/tr\/wp-json\/wp\/v2\/pages\/111\/revisions\/447"}],"wp:attachment":[{"href":"https:\/\/onuratalay.de\/tr\/wp-json\/wp\/v2\/media?parent=111"}],"curies":[{"name":"wp","href":"https:\/\/api.w.org\/{rel}","templated":true}]}}